{"id":4,"date":"2014-11-05T13:43:47","date_gmt":"2014-11-05T11:43:47","guid":{"rendered":"http:\/\/limit-verlag.de\/admin\/?page_id=4"},"modified":"2014-11-29T01:20:28","modified_gmt":"2014-11-28T23:20:28","slug":"limit-verlag-ueberraschung-garantiert","status":"publish","type":"page","link":"https:\/\/limit-verlag.de\/admin\/?page_id=4","title":{"rendered":"LIMIT Verlag &#8211; \u00dcberraschung garantiert"},"content":{"rendered":"\n<!-- Facebook Like Button Vivacity Infotech BEGIN -->\n<div class=\"fb-like\" data-href=\"https:\/\/limit-verlag.de\/admin\/?page_id=4\" data-layout=\"standard\" data-action=\"like\" data-show-faces=\"false\" data-size=\"small\" data-width=\"450\" data-share=\"\" ><\/div>\n<!-- Facebook Like Button Vivacity Infotech END -->\n<p><strong>Am Anfang war das Weihnachtsgeschenk<\/strong><\/p>\n<p>Das Gef\u00fchl der Neugierde beim Anblick des unge\u00f6ffneten\u00a0 P\u00e4ckchens befl\u00fcgelt nicht nur den eCommerce-Boom sondern auch unsere Lesefreude. Jedes Buch sollte uns neue Facetten bieten und unseren Erfahrungshorizont erweitern. In einer Zeit ausufernder Fortsetzungsromane mit garantierter Vermeidung von \u00dcberraschungsmomenten will LIMIT den Kontrapunkt setzen. LIMIT steht f\u00fcr Romane, die verbl\u00fcffen, schockieren und\u00a0 provozieren. Bei B\u00fcchern ist Langeweile die schlimmste Tods\u00fcnde.<\/p>\n<p>Als Kleinverlag arbeiten wir mit einer geringen Anzahl an Autoren zusammen und fokussieren den Vertrieb auf Online-Plattformen (Print und eBook). F\u00fcr Buchhandels-Anfragen sind wir jederzeit offen, da wir unsere station\u00e4re Pr\u00e4senz st\u00e4rken wollen. Bitte senden Sie uns eine E-Mail an: <span title=\"\" class=\"pep-email\">info(Replace this parenthesis with the @ sign)limit-verlag.de<\/span> oder schreiben Sie uns eine Nachricht<\/p>\n<p>&nbsp;<\/p>\n<p><div class=\"twttr_buttons\"><div class=\"twttr_followme\">\n\t\t\t\t\t\t<a href=\"http:\/\/twitter.com\/admin\" target=\"_blank\" title=\"Follow me\"><img decoding=\"async\" src=\"http:\/\/limit-verlag.de\/admin\/wp-content\/plugins\/twitter-plugin\/images\/twitter-follow.jpg\" alt=\"Follow me\" \/><\/a>\n\t\t\t\t\t<\/div><\/div><br \/>\n<script>\n  (function(i,s,o,g,r,a,m){i['GoogleAnalyticsObject']=r;i[r]=i[r]||function(){\n  (i[r].q=i[r].q||[]).push(arguments)},i[r].l=1*new Date();a=s.createElement(o),\n  m=s.getElementsByTagName(o)[0];a.async=1;a.src=g;m.parentNode.insertBefore(a,m)\n  })(window,document,'script','\/\/www.google-analytics.com\/analytics.js','ga');<\/p>\n<p>  ga('create', 'UA-57199051-1', 'auto');\n  ga('send', 'pageview');<\/p>\n<p><\/script><br \/>\n<code id=\"cntctfrmpr_shortcode_code\">[bestwebsoft_contact_form] <\/code><\/p>\n<p>&nbsp;<\/p>\n<script type=\"text\/javascript\" src=\"http:\/\/platform.linkedin.com\/in.js\"><\/script><script type=\"in\/share\" data-url=\"https:\/\/limit-verlag.de\/admin\/?page_id=4\"><\/script>","protected":false},"excerpt":{"rendered":"<p>Am Anfang war das Weihnachtsgeschenk Das Gef\u00fchl der Neugierde beim Anblick des unge\u00f6ffneten\u00a0 P\u00e4ckchens befl\u00fcgelt nicht nur den eCommerce-Boom sondern auch unsere Lesefreude. Jedes Buch sollte uns neue Facetten bieten und unseren Erfahrungshorizont erweitern. In einer Zeit ausufernder Fortsetzungsromane mit garantierter Vermeidung von \u00dcberraschungsmomenten will LIMIT den Kontrapunkt setzen. LIMIT steht f\u00fcr Romane, die verbl\u00fcffen, &hellip; <a href=\"https:\/\/limit-verlag.de\/admin\/?page_id=4\" class=\"more-link\"><span class=\"screen-reader-text\">LIMIT Verlag &#8211; \u00dcberraschung garantiert<\/span> weiterlesen <span class=\"meta-nav\">&rarr;<\/span><\/a><\/p>\n","protected":false},"author":1,"featured_media":0,"parent":0,"menu_order":0,"comment_status":"open","ping_status":"open","template":"page-templates\/full-width.php","meta":{"_mi_skip_tracking":false,"footnotes":""},"_links":{"self":[{"href":"https:\/\/limit-verlag.de\/admin\/index.php?rest_route=\/wp\/v2\/pages\/4"}],"collection":[{"href":"https:\/\/limit-verlag.de\/admin\/index.php?rest_route=\/wp\/v2\/pages"}],"about":[{"href":"https:\/\/limit-verlag.de\/admin\/index.php?rest_route=\/wp\/v2\/types\/page"}],"author":[{"embeddable":true,"href":"https:\/\/limit-verlag.de\/admin\/index.php?rest_route=\/wp\/v2\/users\/1"}],"replies":[{"embeddable":true,"href":"https:\/\/limit-verlag.de\/admin\/index.php?rest_route=%2Fwp%2Fv2%2Fcomments&post=4"}],"version-history":[{"count":5,"href":"https:\/\/limit-verlag.de\/admin\/index.php?rest_route=\/wp\/v2\/pages\/4\/revisions"}],"predecessor-version":[{"id":29,"href":"https:\/\/limit-verlag.de\/admin\/index.php?rest_route=\/wp\/v2\/pages\/4\/revisions\/29"}],"wp:attachment":[{"href":"https:\/\/limit-verlag.de\/admin\/index.php?rest_route=%2Fwp%2Fv2%2Fmedia&parent=4"}],"curies":[{"name":"wp","href":"https:\/\/api.w.org\/{rel}","templated":true}]}}