{"id":47,"date":"2014-11-05T16:11:38","date_gmt":"2014-11-05T14:11:38","guid":{"rendered":"http:\/\/limit-verlag.de\/admin\/?page_id=47"},"modified":"2017-10-11T11:45:12","modified_gmt":"2017-10-11T09:45:12","slug":"manuskripte","status":"publish","type":"page","link":"https:\/\/limit-verlag.de\/admin\/?page_id=47","title":{"rendered":"Manuskripte"},"content":{"rendered":"\n<!-- Facebook Like Button Vivacity Infotech BEGIN -->\n<div class=\"fb-like\" data-href=\"https:\/\/limit-verlag.de\/admin\/?page_id=47\" data-layout=\"standard\" data-action=\"like\" data-show-faces=\"false\" data-size=\"small\" data-width=\"450\" data-share=\"\" ><\/div>\n<!-- Facebook Like Button Vivacity Infotech END -->\n<p>Als eBook Verlag orientieren wir uns bei neuen Projekten an unseren Kernlesergruppen, Frauen von 18 &#8211; 40 Jahren.<\/p>\n<p>Von gro\u00dfem Interesse f\u00fcr uns sind:<\/p>\n<ul>\n<li>Young Adult<\/li>\n<li>frauenfokussierte Themen<\/li>\n<li>Thriller<\/li>\n<li>gehobene Belletristik<\/li>\n<\/ul>\n<p>&nbsp;<\/p>\n<p>Nicht von Interesse sind:<\/p>\n<ul>\n<li>Science Fiction<\/li>\n<li>Sachb\u00fccher<\/li>\n<li>Kinderb\u00fccher<\/li>\n<li>Western<\/li>\n<li>milit\u00e4rische Themen<\/li>\n<\/ul>\n<p>&nbsp;<\/p>\n<p>Im Betreff Ihrer Mail f\u00fchren Sie bitte an: Manuskript &#8218;Titel des Manuskripts&#8216;.<\/p>\n<p>Das Anschreiben sollte ungef\u00e4hr eine Seite lang sein und \u00a0folgende Punkte beschreiben (Anh\u00e4nge werden grunds\u00e4tzlich nicht ge\u00f6ffnet):<\/p>\n<ul>\n<li>Thema des Buchs<\/li>\n<li>Genre<\/li>\n<li>Anzahl der Standardseiten<\/li>\n<li>Bisher publizierte Werke<\/li>\n<li>Kurzbiographie<\/li>\n<li>Marketingplan<\/li>\n<\/ul>\n<p>Zus\u00e4tzlich f\u00fcgen Sie dem Anschreiben bitte an:<\/p>\n<ul>\n<li>Inhaltsverzeichnis mit Seitenzahlen<\/li>\n<li>Erste 20 Seiten<\/li>\n<\/ul>\n<p>Sollten Sie von uns nicht binnen acht Wochen geh\u00f6rt haben, sind wir an einer Publikation nicht interessiert. Bitte verzichten Sie auf Nachfragen, die von uns aus zeitlichen Gr\u00fcnden (wir sind ein Kleinverlag) nicht beantwortet werden k\u00f6nnen.<\/p>\n<p>Manuskriptvorschl\u00e4ge werden ausschlie\u00dflich per Mail angenommen. Adressieren Sie diese bitte an: <span title=\"\" class=\"pep-email\">manuskripte(Replace this parenthesis with the @ sign)limit-verlag.de<\/span><\/p>\n<p>Viel Gl\u00fcck! Wir freuen uns, von Ihnen zu h\u00f6ren<\/p>\n<p>-mf-<\/p>\n<p>&nbsp;<\/p>\n<p>&nbsp;<\/p>\n<p><script>\n  (function(i,s,o,g,r,a,m){i['GoogleAnalyticsObject']=r;i[r]=i[r]||function(){\n  (i[r].q=i[r].q||[]).push(arguments)},i[r].l=1*new Date();a=s.createElement(o),\n  m=s.getElementsByTagName(o)[0];a.async=1;a.src=g;m.parentNode.insertBefore(a,m)\n  })(window,document,'script','\/\/www.google-analytics.com\/analytics.js','ga');<\/p>\n<p>  ga('create', 'UA-57199051-1', 'auto');\n  ga('send', 'pageview');<\/p>\n<p><\/script><\/p>\n<script type=\"text\/javascript\" src=\"http:\/\/platform.linkedin.com\/in.js\"><\/script><script type=\"in\/share\" data-url=\"https:\/\/limit-verlag.de\/admin\/?page_id=47\"><\/script>","protected":false},"excerpt":{"rendered":"<p>Als eBook Verlag orientieren wir uns bei neuen Projekten an unseren Kernlesergruppen, Frauen von 18 &#8211; 40 Jahren. Von gro\u00dfem Interesse f\u00fcr uns sind: Young Adult frauenfokussierte Themen Thriller gehobene Belletristik &nbsp; Nicht von Interesse sind: Science Fiction Sachb\u00fccher Kinderb\u00fccher Western milit\u00e4rische Themen &nbsp; Im Betreff Ihrer Mail f\u00fchren Sie bitte an: Manuskript &#8218;Titel des &hellip; <a href=\"https:\/\/limit-verlag.de\/admin\/?page_id=47\" class=\"more-link\"><span class=\"screen-reader-text\">Manuskripte<\/span> weiterlesen <span class=\"meta-nav\">&rarr;<\/span><\/a><\/p>\n","protected":false},"author":1,"featured_media":0,"parent":0,"menu_order":0,"comment_status":"open","ping_status":"open","template":"","meta":{"_mi_skip_tracking":false,"footnotes":""},"_links":{"self":[{"href":"https:\/\/limit-verlag.de\/admin\/index.php?rest_route=\/wp\/v2\/pages\/47"}],"collection":[{"href":"https:\/\/limit-verlag.de\/admin\/index.php?rest_route=\/wp\/v2\/pages"}],"about":[{"href":"https:\/\/limit-verlag.de\/admin\/index.php?rest_route=\/wp\/v2\/types\/page"}],"author":[{"embeddable":true,"href":"https:\/\/limit-verlag.de\/admin\/index.php?rest_route=\/wp\/v2\/users\/1"}],"replies":[{"embeddable":true,"href":"https:\/\/limit-verlag.de\/admin\/index.php?rest_route=%2Fwp%2Fv2%2Fcomments&post=47"}],"version-history":[{"count":7,"href":"https:\/\/limit-verlag.de\/admin\/index.php?rest_route=\/wp\/v2\/pages\/47\/revisions"}],"predecessor-version":[{"id":154,"href":"https:\/\/limit-verlag.de\/admin\/index.php?rest_route=\/wp\/v2\/pages\/47\/revisions\/154"}],"wp:attachment":[{"href":"https:\/\/limit-verlag.de\/admin\/index.php?rest_route=%2Fwp%2Fv2%2Fmedia&parent=47"}],"curies":[{"name":"wp","href":"https:\/\/api.w.org\/{rel}","templated":true}]}}