{"id":97,"date":"2015-09-08T09:33:24","date_gmt":"2015-09-08T07:33:24","guid":{"rendered":"http:\/\/limit-verlag.de\/admin\/?page_id=97"},"modified":"2024-05-03T10:40:06","modified_gmt":"2024-05-03T08:40:06","slug":"kostenlose-downloads","status":"publish","type":"page","link":"https:\/\/limit-verlag.de\/admin\/?page_id=97","title":{"rendered":"Downloads"},"content":{"rendered":"\n<!-- Facebook Like Button Vivacity Infotech BEGIN -->\n<div class=\"fb-like\" data-href=\"https:\/\/limit-verlag.de\/admin\/?page_id=97\" data-layout=\"standard\" data-action=\"like\" data-show-faces=\"false\" data-size=\"small\" data-width=\"450\" data-share=\"\" ><\/div>\n<!-- Facebook Like Button Vivacity Infotech END -->\n\n<p><strong>Download &#8222;Rise of the God Machines&#8220;<\/strong><\/p>\n\n\n\n<div data-wp-interactive=\"core\/file\" class=\"wp-block-file\"><object data-wp-bind--hidden=\"!state.hasPdfPreview\"  class=\"wp-block-file__embed\" data=\"https:\/\/limit-verlag.de\/admin\/wp-content\/uploads\/2024\/05\/Rise-of-the-God-Machines-2024-05-Secured.pdf\" type=\"application\/pdf\" style=\"width:100%;height:600px\" aria-label=\"Einbettung von Rise-of-the-God-Machines-2024-05-Secured.\"><\/object><a id=\"wp-block-file--media-0f8a7d40-6d53-404d-8024-623d71c3ae85\" href=\"https:\/\/limit-verlag.de\/admin\/wp-content\/uploads\/2024\/05\/Rise-of-the-God-Machines-2024-05-Secured.pdf\">Rise-of-the-God-Machines-2024-05-Secured<\/a><a href=\"https:\/\/limit-verlag.de\/admin\/wp-content\/uploads\/2024\/05\/Rise-of-the-God-Machines-2024-05-Secured.pdf\" class=\"wp-block-file__button wp-element-button\" download aria-describedby=\"wp-block-file--media-0f8a7d40-6d53-404d-8024-623d71c3ae85\">Herunterladen<\/a><\/div>\n\n\n\n<p><\/p>\n\n\n<p><strong>Leseprobe &#8222;Lauras Unschuld&#8220; von Hugo C:<\/strong><\/p>\n<p><span style=\"text-decoration: underline;\">Junge Managerin leitet Verteidigung gegen feindliche \u00dcbernahme durch Geliebten<\/span><br \/>\nLaura Sands Leben ist kompliziert: Ihr Chef wei\u00df nicht, dass ihr Geliebter der CEO des Gegners ist und dieser hat keine Ahnung davon, dass sie die Verteidigung leitet. Bald muss sie zudem erkennen, dass ihr Geliebter und ihr Vorgesetzter viel \u00fcblere Geheimnisse vor ihr verheimlichen. Ein irrwitziges Spiel voller L\u00fcgen und Intrigen beginnt. Die Eins\u00e4tze steigen mit jeder Runde, bald geht es um sehr viel mehr als Eitelkeit und Aktienpreise \u2026<\/p>\n<p><a title=\"Anazon-Link Lauras Unschuld\" href=\"http:\/\/amzn.to\/10lNZbZ\" target=\"_blank\" rel=\"noopener\">Amazon-Link: http:\/\/amzn.to\/10lNZbZ<\/a><\/p>\n<p><a href=\"http:\/\/limit-verlag.de\/admin\/wp-content\/uploads\/2015\/09\/Cover-Laura-Leseprobe-Ausschnitt.jpg\"><img loading=\"lazy\" decoding=\"async\" class=\"alignnone size-medium wp-image-96\" src=\"http:\/\/limit-verlag.de\/admin\/wp-content\/uploads\/2015\/09\/Cover-Laura-Leseprobe-Ausschnitt-200x300.jpg\" alt=\"Cover Laura Leseprobe Ausschnitt\" width=\"200\" height=\"300\" srcset=\"https:\/\/limit-verlag.de\/admin\/wp-content\/uploads\/2015\/09\/Cover-Laura-Leseprobe-Ausschnitt-200x300.jpg 200w, https:\/\/limit-verlag.de\/admin\/wp-content\/uploads\/2015\/09\/Cover-Laura-Leseprobe-Ausschnitt-682x1024.jpg 682w, https:\/\/limit-verlag.de\/admin\/wp-content\/uploads\/2015\/09\/Cover-Laura-Leseprobe-Ausschnitt.jpg 1133w\" sizes=\"(max-width: 200px) 100vw, 200px\" \/><\/a><\/p>\n<p>Zum Herunterladen bitte einfach die Links weiter unten anklicken. Die Dateien sind garantiert virenfrei. Sollten Sie ein anderes Datenformat f\u00fcr Ihren eBook-Reader ben\u00f6tigen, senden Sie bitte eine email an geschaeftsfuehrung [at] limit-verlag.de, wir senden es Ihnen kostenlos umgehend zu.<\/p>\n<p><a href=\"http:\/\/limit-verlag.de\/admin\/wp-content\/uploads\/2015\/09\/Lauras-Unschuld-6-x-9-v5-Apr-20-FINAL-FOR-eBook-Leseprobe.pdf\">Lauras Unschuld eBook Leseprobe (.pdf f\u00fcr Acrobat Reader)<\/a><\/p>\n<p><a href=\"http:\/\/limit-verlag.de\/admin\/wp-content\/uploads\/2015\/09\/Lauras-Unschuld-6-x-9-v5-Apr-20-FINAL-FOR-eBook-Leseprobe.docx\">Lauras Unschuld eBook Leseprobe (.docx f\u00fcr Microsoft Word)<\/a><\/p>\n<p>&nbsp;<\/p>\n<p>&nbsp;<\/p>\n<p><strong>Leseprobe &#8222;Die katastrophale Metamorphose des Ovid&#8220; von Jo Krall<\/strong><\/p>\n<p><span style=\"text-decoration: underline;\">\u00a0Ungew\u00f6hnlichster Roman des Jahres<\/span><br \/>\nImmer mehr K\u00e4ufer eines Staubsaugers der Firma Garidans stehen unerwartet vor dem Ruin. Der Konsumentenberater Jo Krall steckt selbst in einer psychischen Krise und um ihr zu entfliehen, forscht er den Ursachen nach. Will Garidans die Weltherrschaft \u00fcbernehmen oder leidet er an Verfolgungswahn? Zur Beantwortung dieser Frage versucht Jo mit aller Kraft, Mitarbeiter bei Garidans zu werden. Der Aufnahmetest wird zu einem Kampf auf Leben und Tod.<\/p>\n<p><a title=\"Amazon-Link Ovid\" href=\"http:\/\/amzn.to\/1vHUIpC\">Amazon-Link: http:\/\/amzn.to\/1vHUIpC<\/a><\/p>\n<p><a href=\"http:\/\/limit-verlag.de\/admin\/wp-content\/uploads\/2015\/09\/Cover-Ovid-Leseprobe-1.-Aufl.jpg\"><img loading=\"lazy\" decoding=\"async\" class=\"alignnone size-medium wp-image-95\" src=\"http:\/\/limit-verlag.de\/admin\/wp-content\/uploads\/2015\/09\/Cover-Ovid-Leseprobe-1.-Aufl-200x300.jpg\" alt=\"Cover Ovid Leseprobe 1. Aufl\" width=\"200\" height=\"300\" srcset=\"https:\/\/limit-verlag.de\/admin\/wp-content\/uploads\/2015\/09\/Cover-Ovid-Leseprobe-1.-Aufl-200x300.jpg 200w, https:\/\/limit-verlag.de\/admin\/wp-content\/uploads\/2015\/09\/Cover-Ovid-Leseprobe-1.-Aufl-683x1024.jpg 683w, https:\/\/limit-verlag.de\/admin\/wp-content\/uploads\/2015\/09\/Cover-Ovid-Leseprobe-1.-Aufl.jpg 1134w\" sizes=\"(max-width: 200px) 100vw, 200px\" \/><\/a><\/p>\n<p>Zum Herunterladen bitte einfach die Links weiter unten anklicken. Die Dateien sind garantiert virenfrei. Sollten Sie ein anderes Datenformat f\u00fcr Ihren eBook-Reader ben\u00f6tigen, senden Sie bitte eine email an geschaeftsfuehrung [at] limit-verlag.de, wir senden es Ihnen kostenlos umgehend zu.<\/p>\n<p><a href=\"http:\/\/limit-verlag.de\/admin\/wp-content\/uploads\/2015\/09\/Ovid-v7-6-x-9-Okt-20-KINDLE-Leseprobe-Sonderausgabe.pdf\">Ovid eBook Leseprobe (.pdf f\u00fcr Acrobat Reader)<\/a><\/p>\n<p><a href=\"http:\/\/limit-verlag.de\/admin\/wp-content\/uploads\/2015\/09\/Ovid-v7-6-x-9-Okt-20-KINDLE-Leseprobe-Sonderausgabe.docx\">Ovid eBook Leseprobe (.docx f\u00fcr Microsoft Word)<\/a><\/p>\n\n\n\n<script type=\"text\/javascript\" src=\"http:\/\/platform.linkedin.com\/in.js\"><\/script><script type=\"in\/share\" data-url=\"https:\/\/limit-verlag.de\/admin\/?page_id=97\"><\/script>","protected":false},"excerpt":{"rendered":"<p>Download &#8222;Rise of the God Machines&#8220; Leseprobe &#8222;Lauras Unschuld&#8220; von Hugo C: Junge Managerin leitet Verteidigung gegen feindliche \u00dcbernahme durch Geliebten Laura Sands Leben ist kompliziert: Ihr Chef wei\u00df nicht, dass ihr Geliebter der CEO des Gegners ist und dieser hat keine Ahnung davon, dass sie die Verteidigung leitet. Bald muss sie zudem erkennen, dass &hellip; <a href=\"https:\/\/limit-verlag.de\/admin\/?page_id=97\" class=\"more-link\"><span class=\"screen-reader-text\">Downloads<\/span> weiterlesen <span class=\"meta-nav\">&rarr;<\/span><\/a><\/p>\n","protected":false},"author":1,"featured_media":0,"parent":0,"menu_order":0,"comment_status":"closed","ping_status":"closed","template":"","meta":{"_mi_skip_tracking":false,"footnotes":""},"_links":{"self":[{"href":"https:\/\/limit-verlag.de\/admin\/index.php?rest_route=\/wp\/v2\/pages\/97"}],"collection":[{"href":"https:\/\/limit-verlag.de\/admin\/index.php?rest_route=\/wp\/v2\/pages"}],"about":[{"href":"https:\/\/limit-verlag.de\/admin\/index.php?rest_route=\/wp\/v2\/types\/page"}],"author":[{"embeddable":true,"href":"https:\/\/limit-verlag.de\/admin\/index.php?rest_route=\/wp\/v2\/users\/1"}],"replies":[{"embeddable":true,"href":"https:\/\/limit-verlag.de\/admin\/index.php?rest_route=%2Fwp%2Fv2%2Fcomments&post=97"}],"version-history":[{"count":11,"href":"https:\/\/limit-verlag.de\/admin\/index.php?rest_route=\/wp\/v2\/pages\/97\/revisions"}],"predecessor-version":[{"id":169,"href":"https:\/\/limit-verlag.de\/admin\/index.php?rest_route=\/wp\/v2\/pages\/97\/revisions\/169"}],"wp:attachment":[{"href":"https:\/\/limit-verlag.de\/admin\/index.php?rest_route=%2Fwp%2Fv2%2Fmedia&parent=97"}],"curies":[{"name":"wp","href":"https:\/\/api.w.org\/{rel}","templated":true}]}}